{"id":2032,"date":"2021-09-08T19:37:53","date_gmt":"2021-09-08T17:37:53","guid":{"rendered":"https:\/\/amtsfeld-schule.de\/?page_id=2032"},"modified":"2025-06-24T15:36:43","modified_gmt":"2025-06-24T13:36:43","slug":"anmeldung-an-der-ags","status":"publish","type":"page","link":"https:\/\/amtsfeld-grundschule.de\/?page_id=2032","title":{"rendered":"Anmeldung an der AGS"},"content":{"rendered":"<div class=\"fusion-fullwidth fullwidth-box fusion-builder-row-1 fusion-flex-container nonhundred-percent-fullwidth non-hundred-percent-height-scrolling\" style=\"--awb-border-radius-top-left:0px;--awb-border-radius-top-right:0px;--awb-border-radius-bottom-right:0px;--awb-border-radius-bottom-left:0px;--awb-flex-wrap:wrap;\" ><div class=\"fusion-builder-row fusion-row fusion-flex-align-items-flex-start fusion-flex-content-wrap\" style=\"max-width:1404px;margin-left: calc(-4% \/ 2 );margin-right: calc(-4% \/ 2 );\"><div class=\"fusion-layout-column fusion_builder_column fusion-builder-column-0 fusion_builder_column_1_1 1_1 fusion-flex-column\" style=\"--awb-bg-size:cover;--awb-width-large:100%;--awb-margin-top-large:0px;--awb-spacing-right-large:1.92%;--awb-margin-bottom-large:0px;--awb-spacing-left-large:1.92%;--awb-width-medium:100%;--awb-spacing-right-medium:1.92%;--awb-spacing-left-medium:1.92%;--awb-width-small:100%;--awb-spacing-right-small:1.92%;--awb-spacing-left-small:1.92%;\"><div class=\"fusion-column-wrapper fusion-flex-justify-content-flex-start fusion-content-layout-column\"><div class=\"fusion-text fusion-text-1\"><h2><span style=\"color: #000000;\">Die Anmeldung der Lernanf\u00e4nger erfolgt in der Zeit vom <span style=\"font-weight: normal;\">06.1o.2025 &#8211; 17.10.2025<\/span><\/span><\/h2>\n<p>Montag bis Donnerstag in der Zeit von 8:30 &#8211; 14:00 Uhr, am Freitag von 8:30 bis 11:00 Uhr sowie am Donnerstag, den 09.10. 2025, von 12:30 &#8211; 18:00 Uhr<\/p>\n<p><span style=\"color: #000000;\"> <\/span><\/p>\n<p><span style=\"color: #000000;\">Dokumente: <br \/><\/span><\/p>\n<p><a href=\"https:\/\/amtsfeld-grundschule.de\/wp-content\/uploads\/2025\/06\/Schulanmeldung.pdf\" target=\"_blank\" rel=\"noopener noreferrer\">Schulanmeldung<br \/><\/a><a href=\"https:\/\/amtsfeld-grundschule.de\/wp-content\/uploads\/2025\/06\/Information-fuer-Lernanfaenger.pdf\" target=\"_blank\" rel=\"noopener noreferrer\">Information f\u00fcr Eltern von Lernanf\u00e4nger:innen<\/a><br \/><a href=\"https:\/\/amtsfeld-grundschule.de\/wp-content\/uploads\/2023\/09\/schul-123-aufnahme-andere-grund-oder-gemeinschaftsschule.pdf\"><span style=\"color: #5a15ef;\">Aufnahme-in-eine-andere-Grundschule<\/span><\/a><b><br \/><\/b><a href=\"https:\/\/www.berlin.de\/sen\/bjf\/service\/formulare\/antrag-efoeb-ogb.pdf\" target=\"_blank\" rel=\"noopener\"><span style=\"color: #5a15ef;\">Anmeldung Schulanf\u00e4nger 2023 eF\u00f6B<\/span><\/a><b><br \/><\/b><a target=\"_blank\" rel=\"noopener noreferrer\" href=\"https:\/\/amtsfeld-grundschule.de\/wp-content\/uploads\/2023\/01\/Informationspflicht-bei-Erhebung-von-personenbezogenen-Daten-gemaess-Art.pdf\" style=\"color: rgb(90, 21, 239);\">Informationen zur Erhebung von personenbezogenen Daten<\/a><b><br \/><\/b><\/p>\n<p><span style=\"color: #000000;\">Das ausgef\u00fcllte Anmeldeformular, eine<strong> Kopie der Geburtsurkunde<\/strong> sowie einen<strong> Nachweis der Erziehungsberechtigung<\/strong> (z.B. Negativbescheid bei Alleinerziehenden, Eheurkunde, bzw.andere Bescheide) bringen Sie bitte mit und legen bei der Anmeldung Ihren <strong>Personalausweis<\/strong> vor.<\/span><\/p>\n<p><span style=\"color: #000000;\">Wenn Ihr Kind Entwicklungsschwierigkeiten, eine Behinderung oder eine chronische Erkrankung haben, weisen Sie darauf bitte bei der Anmeldung hin und bringen ggf. vorhandene Befunde oder Gutachten mit.<\/span><\/p>\n<p><span style=\"color: #000000;\">Auch wenn Sie Ihr Kind an einer anderen Schule einschulen wollen, melden Sie es zun\u00e4chst bei uns an und stellen hier den entsprechenden Antrag.<\/span><\/p>\n<p><span style=\"color: #000000;\">Den Antrag f\u00fcr die erg\u00e4nzende F\u00f6rderung und Betreuung (ehem. Hort) k\u00f6nnen Sie auch gern ausgef\u00fcllt mitbringen.<\/span><\/p>\n<p><span style=\"color: #000000;\">Ausf\u00fchrliche Hinweise zur Schulanmeldung finden Sie unter:<\/span><\/p>\n<p><span style=\"color: #000000;\"><a style=\"color: #5a15ef;\" title=\"https:\/\/www.berlin.de\/sen\/bildung\/schule\/bildungswege\/grundschule\/anmeldung\/ Klicken Sie auf den Link, um die URL in einem neuen Fenster zu \u00f6ffnen.\" href=\"https:\/\/www.berlin.de\/sen\/bildung\/schule\/bildungswege\/grundschule\/anmeldung\/\" target=\"_blank\" rel=\"noreferrer noopener\">https:\/\/www.berlin.de\/sen\/bildung\/schule\/bildungswege\/grundschule\/anmeldung\/<\/a><\/span><\/p>\n<\/div><\/div><\/div><\/div><\/div>\n","protected":false},"excerpt":{"rendered":"","protected":false},"author":5,"featured_media":0,"parent":0,"menu_order":0,"comment_status":"closed","ping_status":"closed","template":"","meta":{"footnotes":""},"class_list":["post-2032","page","type-page","status-publish","hentry"],"_links":{"self":[{"href":"https:\/\/amtsfeld-grundschule.de\/index.php?rest_route=\/wp\/v2\/pages\/2032","targetHints":{"allow":["GET"]}}],"collection":[{"href":"https:\/\/amtsfeld-grundschule.de\/index.php?rest_route=\/wp\/v2\/pages"}],"about":[{"href":"https:\/\/amtsfeld-grundschule.de\/index.php?rest_route=\/wp\/v2\/types\/page"}],"author":[{"embeddable":true,"href":"https:\/\/amtsfeld-grundschule.de\/index.php?rest_route=\/wp\/v2\/users\/5"}],"replies":[{"embeddable":true,"href":"https:\/\/amtsfeld-grundschule.de\/index.php?rest_route=%2Fwp%2Fv2%2Fcomments&post=2032"}],"version-history":[{"count":42,"href":"https:\/\/amtsfeld-grundschule.de\/index.php?rest_route=\/wp\/v2\/pages\/2032\/revisions"}],"predecessor-version":[{"id":4738,"href":"https:\/\/amtsfeld-grundschule.de\/index.php?rest_route=\/wp\/v2\/pages\/2032\/revisions\/4738"}],"wp:attachment":[{"href":"https:\/\/amtsfeld-grundschule.de\/index.php?rest_route=%2Fwp%2Fv2%2Fmedia&parent=2032"}],"curies":[{"name":"wp","href":"https:\/\/api.w.org\/{rel}","templated":true}]}}