{"id":2092,"date":"2021-09-20T09:34:30","date_gmt":"2021-09-20T07:34:30","guid":{"rendered":"https:\/\/amtsfeld-schule.de\/?page_id=2092"},"modified":"2022-09-22T14:55:19","modified_gmt":"2022-09-22T12:55:19","slug":"world-cleanup-day-2021","status":"publish","type":"page","link":"https:\/\/amtsfeld-grundschule.de\/?page_id=2092","title":{"rendered":"World Cleanup Day 2021"},"content":{"rendered":"<p><div class=\"fusion-fullwidth fullwidth-box fusion-builder-row-1 fusion-flex-container nonhundred-percent-fullwidth non-hundred-percent-height-scrolling\" style=\"--awb-border-radius-top-left:0px;--awb-border-radius-top-right:0px;--awb-border-radius-bottom-right:0px;--awb-border-radius-bottom-left:0px;--awb-flex-wrap:wrap;\" ><div class=\"fusion-builder-row fusion-row fusion-flex-align-items-flex-start fusion-flex-content-wrap\" style=\"max-width:1404px;margin-left: calc(-4% \/ 2 );margin-right: calc(-4% \/ 2 );\"><div class=\"fusion-layout-column fusion_builder_column fusion-builder-column-0 fusion_builder_column_1_1 1_1 fusion-flex-column\" style=\"--awb-bg-size:cover;--awb-width-large:100%;--awb-margin-top-large:0px;--awb-spacing-right-large:1.92%;--awb-margin-bottom-large:0px;--awb-spacing-left-large:1.92%;--awb-width-medium:100%;--awb-spacing-right-medium:1.92%;--awb-spacing-left-medium:1.92%;--awb-width-small:100%;--awb-spacing-right-small:1.92%;--awb-spacing-left-small:1.92%;\"><div class=\"fusion-column-wrapper fusion-flex-justify-content-flex-start fusion-content-layout-column\"><div class=\"fusion-text fusion-text-1\"><p><b>Im Rahmen des World Cleanup Days 2022<br \/>\n<\/b><\/p>\n<p>Am 17.9.2022 war es wieder so weit, der World Cleanup Day fand statt. In diesem Jahr beteiligten sich sogar zwei Klassen der Amtsfeld- Schule, die 5b und die 6c, und zogen einen Tag vorher aus, um ihr Wohngebiet von M\u00fcll zu befreien. Die Sch\u00fcler waren wieder sehr motiviert und krabbelten in jeden Busch. Dabei kamen wieder Unmengen an M\u00fcll und Pfandflaschen zusammen. Auch in diesem Jahr fanden wir wieder viele kuriose Dinge, von alten M\u00f6belst\u00fccken \u00fcber Kleidungsst\u00fccke bis hin zu Rucks\u00e4cken gef\u00fcllt mit Zement. Die Kinder hatten eine Menge Spa\u00df und k\u00f6nnen sehr stolz auf sich sein, dass sie einen Beitrag dazu geleistet haben, ihre Wohnumgebung etwas sch\u00f6ner zu machen.<\/p>\n<\/div><\/div><\/div><\/div><\/div><div class=\"fusion-fullwidth fullwidth-box fusion-builder-row-2 fusion-flex-container nonhundred-percent-fullwidth non-hundred-percent-height-scrolling\" style=\"--awb-border-radius-top-left:0px;--awb-border-radius-top-right:0px;--awb-border-radius-bottom-right:0px;--awb-border-radius-bottom-left:0px;--awb-flex-wrap:wrap;\" ><div class=\"fusion-builder-row fusion-row fusion-flex-align-items-flex-start fusion-flex-content-wrap\" style=\"max-width:1404px;margin-left: calc(-4% \/ 2 );margin-right: calc(-4% \/ 2 );\"><div class=\"fusion-layout-column fusion_builder_column fusion-builder-column-1 fusion_builder_column_1_1 1_1 fusion-flex-column\" style=\"--awb-bg-size:cover;--awb-width-large:100%;--awb-margin-top-large:0px;--awb-spacing-right-large:1.92%;--awb-margin-bottom-large:0px;--awb-spacing-left-large:1.92%;--awb-width-medium:100%;--awb-spacing-right-medium:1.92%;--awb-spacing-left-medium:1.92%;--awb-width-small:100%;--awb-spacing-right-small:1.92%;--awb-spacing-left-small:1.92%;\"><div class=\"fusion-column-wrapper fusion-flex-justify-content-flex-start fusion-content-layout-column\"><div class=\"fusion-text fusion-text-2\"><\/div><div class=\"fusion-image-carousel fusion-image-carousel-auto fusion-image-carousel-1 lightbox-enabled fusion-carousel-border\"><div class=\"awb-carousel awb-swiper awb-swiper-carousel awb-carousel--carousel awb-swiper-dots-position-bottom\" data-layout=\"carousel\" data-autoplay=\"no\" data-autoplayspeed=\"2500\" data-autoplaypause=\"no\" data-columns=\"1\" data-columnsmedium=\"1\" data-columnssmall=\"1\" data-itemmargin=\"0\" data-itemwidth=\"180\" data-touchscroll=\"drag\" data-freemode=\"no\" data-imagesize=\"auto\" data-scrollitems=\"0\" data-centeredslides=\"no\" data-rotationangle=\"50\" data-depth=\"100\" data-speed=\"500\" data-shadow=\"no\" data-pagination=\"bullets\" style=\"--awb-columns:1;--awb-column-spacing:0px;--awb-border-width:1px;--awb-border-color:#e9eaee;\"><div class=\"swiper-wrapper awb-image-carousel-wrapper fusion-flex-align-items-center\"><div class=\"swiper-slide\"><div class=\"fusion-carousel-item-wrapper\"><div class=\"fusion-image-wrapper hover-type-none\"><img decoding=\"async\" width=\"800\" height=\"600\" src=\"https:\/\/amtsfeld-grundschule.de\/wp-content\/uploads\/2022\/09\/Bild-4.jpg\" class=\"attachment-full size-full\" alt=\"\" srcset=\"https:\/\/amtsfeld-grundschule.de\/wp-content\/uploads\/2022\/09\/Bild-4-200x150.jpg 200w, https:\/\/amtsfeld-grundschule.de\/wp-content\/uploads\/2022\/09\/Bild-4-300x225.jpg 300w, https:\/\/amtsfeld-grundschule.de\/wp-content\/uploads\/2022\/09\/Bild-4-400x300.jpg 400w, https:\/\/amtsfeld-grundschule.de\/wp-content\/uploads\/2022\/09\/Bild-4-600x450.jpg 600w, https:\/\/amtsfeld-grundschule.de\/wp-content\/uploads\/2022\/09\/Bild-4-768x576.jpg 768w, https:\/\/amtsfeld-grundschule.de\/wp-content\/uploads\/2022\/09\/Bild-4.jpg 800w\" sizes=\"(max-width: 800px) 100vw, 800px\" \/><\/div><\/div><\/div><div class=\"swiper-slide\"><div class=\"fusion-carousel-item-wrapper\"><div class=\"fusion-image-wrapper hover-type-none\"><img decoding=\"async\" width=\"600\" height=\"800\" src=\"https:\/\/amtsfeld-grundschule.de\/wp-content\/uploads\/2022\/09\/Bild-3.jpg\" class=\"attachment-full size-full\" alt=\"\" srcset=\"https:\/\/amtsfeld-grundschule.de\/wp-content\/uploads\/2022\/09\/Bild-3-200x267.jpg 200w, https:\/\/amtsfeld-grundschule.de\/wp-content\/uploads\/2022\/09\/Bild-3-225x300.jpg 225w, https:\/\/amtsfeld-grundschule.de\/wp-content\/uploads\/2022\/09\/Bild-3-400x533.jpg 400w, https:\/\/amtsfeld-grundschule.de\/wp-content\/uploads\/2022\/09\/Bild-3.jpg 600w\" sizes=\"(max-width: 600px) 100vw, 600px\" \/><\/div><\/div><\/div><div class=\"swiper-slide\"><div class=\"fusion-carousel-item-wrapper\"><div class=\"fusion-image-wrapper hover-type-none\"><img decoding=\"async\" width=\"1600\" height=\"1200\" src=\"https:\/\/amtsfeld-grundschule.de\/wp-content\/uploads\/2022\/09\/Bild-2.jpg\" class=\"attachment-full size-full\" alt=\"\" srcset=\"https:\/\/amtsfeld-grundschule.de\/wp-content\/uploads\/2022\/09\/Bild-2-200x150.jpg 200w, https:\/\/amtsfeld-grundschule.de\/wp-content\/uploads\/2022\/09\/Bild-2-300x225.jpg 300w, https:\/\/amtsfeld-grundschule.de\/wp-content\/uploads\/2022\/09\/Bild-2-400x300.jpg 400w, https:\/\/amtsfeld-grundschule.de\/wp-content\/uploads\/2022\/09\/Bild-2-600x450.jpg 600w, https:\/\/amtsfeld-grundschule.de\/wp-content\/uploads\/2022\/09\/Bild-2-768x576.jpg 768w, https:\/\/amtsfeld-grundschule.de\/wp-content\/uploads\/2022\/09\/Bild-2-800x600.jpg 800w, https:\/\/amtsfeld-grundschule.de\/wp-content\/uploads\/2022\/09\/Bild-2-1024x768.jpg 1024w, https:\/\/amtsfeld-grundschule.de\/wp-content\/uploads\/2022\/09\/Bild-2-1200x900.jpg 1200w, https:\/\/amtsfeld-grundschule.de\/wp-content\/uploads\/2022\/09\/Bild-2-1536x1152.jpg 1536w, https:\/\/amtsfeld-grundschule.de\/wp-content\/uploads\/2022\/09\/Bild-2.jpg 1600w\" sizes=\"(max-width: 1600px) 100vw, 1600px\" \/><\/div><\/div><\/div><div class=\"swiper-slide\"><div class=\"fusion-carousel-item-wrapper\"><div class=\"fusion-image-wrapper hover-type-none\"><img decoding=\"async\" width=\"1600\" height=\"1200\" src=\"https:\/\/amtsfeld-grundschule.de\/wp-content\/uploads\/2022\/09\/Bild-1.jpg\" class=\"attachment-full size-full\" alt=\"\" srcset=\"https:\/\/amtsfeld-grundschule.de\/wp-content\/uploads\/2022\/09\/Bild-1-200x150.jpg 200w, https:\/\/amtsfeld-grundschule.de\/wp-content\/uploads\/2022\/09\/Bild-1-300x225.jpg 300w, https:\/\/amtsfeld-grundschule.de\/wp-content\/uploads\/2022\/09\/Bild-1-400x300.jpg 400w, https:\/\/amtsfeld-grundschule.de\/wp-content\/uploads\/2022\/09\/Bild-1-600x450.jpg 600w, https:\/\/amtsfeld-grundschule.de\/wp-content\/uploads\/2022\/09\/Bild-1-768x576.jpg 768w, https:\/\/amtsfeld-grundschule.de\/wp-content\/uploads\/2022\/09\/Bild-1-800x600.jpg 800w, https:\/\/amtsfeld-grundschule.de\/wp-content\/uploads\/2022\/09\/Bild-1-1024x768.jpg 1024w, https:\/\/amtsfeld-grundschule.de\/wp-content\/uploads\/2022\/09\/Bild-1-1200x900.jpg 1200w, https:\/\/amtsfeld-grundschule.de\/wp-content\/uploads\/2022\/09\/Bild-1-1536x1152.jpg 1536w, https:\/\/amtsfeld-grundschule.de\/wp-content\/uploads\/2022\/09\/Bild-1.jpg 1600w\" sizes=\"(max-width: 1600px) 100vw, 1600px\" \/><\/div><\/div><\/div><\/div><div class=\"awb-swiper-button awb-swiper-button-prev\"><i class=\"awb-icon-angle-left\" aria-hidden=\"true\"><\/i><\/div><div class=\"awb-swiper-button awb-swiper-button-next\"><i class=\"awb-icon-angle-right\" aria-hidden=\"true\"><\/i><\/div><\/div><\/div><\/div><\/div><\/div><\/div><\/p>\n","protected":false},"excerpt":{"rendered":"","protected":false},"author":5,"featured_media":0,"parent":0,"menu_order":0,"comment_status":"closed","ping_status":"closed","template":"","meta":{"footnotes":""},"class_list":["post-2092","page","type-page","status-publish","hentry"],"_links":{"self":[{"href":"https:\/\/amtsfeld-grundschule.de\/index.php?rest_route=\/wp\/v2\/pages\/2092","targetHints":{"allow":["GET"]}}],"collection":[{"href":"https:\/\/amtsfeld-grundschule.de\/index.php?rest_route=\/wp\/v2\/pages"}],"about":[{"href":"https:\/\/amtsfeld-grundschule.de\/index.php?rest_route=\/wp\/v2\/types\/page"}],"author":[{"embeddable":true,"href":"https:\/\/amtsfeld-grundschule.de\/index.php?rest_route=\/wp\/v2\/users\/5"}],"replies":[{"embeddable":true,"href":"https:\/\/amtsfeld-grundschule.de\/index.php?rest_route=%2Fwp%2Fv2%2Fcomments&post=2092"}],"version-history":[{"count":7,"href":"https:\/\/amtsfeld-grundschule.de\/index.php?rest_route=\/wp\/v2\/pages\/2092\/revisions"}],"predecessor-version":[{"id":3567,"href":"https:\/\/amtsfeld-grundschule.de\/index.php?rest_route=\/wp\/v2\/pages\/2092\/revisions\/3567"}],"wp:attachment":[{"href":"https:\/\/amtsfeld-grundschule.de\/index.php?rest_route=%2Fwp%2Fv2%2Fmedia&parent=2092"}],"curies":[{"name":"wp","href":"https:\/\/api.w.org\/{rel}","templated":true}]}}