{"id":2181,"date":"2021-10-04T19:26:20","date_gmt":"2021-10-04T17:26:20","guid":{"rendered":"https:\/\/amtsfeld-schule.de\/?page_id=2181"},"modified":"2021-10-04T19:30:08","modified_gmt":"2021-10-04T17:30:08","slug":"schmetterlinge","status":"publish","type":"page","link":"https:\/\/amtsfeld-grundschule.de\/?page_id=2181","title":{"rendered":"Schmetterlinge"},"content":{"rendered":"<h2>Von der Raupe zum Schmetterling<\/h2>\n<p>&nbsp;<\/p>\n<p align=\"center\"><span style=\"color: #474747;\"><span style=\"font-family: Century Gothic, serif;\"><span style=\"font-size: medium;\">Nach nur einer Woche waren die Raupen viel dicker und mehr als doppelt so gro\u00df geworden! Mit gesponnenen Seidenf\u00e4den sch\u00fctzen sie sich vor Feinden.<\/span><\/span><\/span><\/p>\n<p align=\"center\"><span style=\"color: #474747;\"><span style=\"font-family: Century Gothic, serif;\"><span style=\"font-size: medium;\">Als die Raupen zur Verpuppung bereit waren,\u00a0 kletterten sie den Becherrand hinauf bis an den Deckel. Dort h\u00e4ngten sie sich mit dem Kopf nach unten in der Form eines J auf. Von nun an brauchten die Puppen 7 Tage Ruhe f\u00fcr ihre Entwicklung.<\/span><\/span><\/span><\/p>\n<p align=\"center\"><img decoding=\"async\" class=\"aligncenter size-medium wp-image-2187\" src=\"https:\/\/amtsfeld-grundschule.de\/wp-content\/uploads\/2021\/10\/DSCN0487-300x225.jpg\" alt=\"\" width=\"300\" height=\"225\" srcset=\"https:\/\/amtsfeld-grundschule.de\/wp-content\/uploads\/2021\/10\/DSCN0487-200x150.jpg 200w, https:\/\/amtsfeld-grundschule.de\/wp-content\/uploads\/2021\/10\/DSCN0487-300x225.jpg 300w, https:\/\/amtsfeld-grundschule.de\/wp-content\/uploads\/2021\/10\/DSCN0487-400x300.jpg 400w, https:\/\/amtsfeld-grundschule.de\/wp-content\/uploads\/2021\/10\/DSCN0487-600x450.jpg 600w, https:\/\/amtsfeld-grundschule.de\/wp-content\/uploads\/2021\/10\/DSCN0487-768x576.jpg 768w, https:\/\/amtsfeld-grundschule.de\/wp-content\/uploads\/2021\/10\/DSCN0487-800x600.jpg 800w, https:\/\/amtsfeld-grundschule.de\/wp-content\/uploads\/2021\/10\/DSCN0487-1024x768.jpg 1024w, https:\/\/amtsfeld-grundschule.de\/wp-content\/uploads\/2021\/10\/DSCN0487-1200x900.jpg 1200w, https:\/\/amtsfeld-grundschule.de\/wp-content\/uploads\/2021\/10\/DSCN0487-1536x1152.jpg 1536w, https:\/\/amtsfeld-grundschule.de\/wp-content\/uploads\/2021\/10\/DSCN0487.jpg 1801w\" sizes=\"(max-width: 300px) 100vw, 300px\" \/><\/p>\n<p align=\"center\"><a name=\"_GoBack\"><\/a> <span style=\"color: #474747;\"><span style=\"font-family: Century Gothic, serif;\"><span style=\"font-size: medium;\">Am Wochenende schl\u00fcpften zwei Schmetterlinge.\u00a0Die Freude war gro\u00df! Aufgeregt beobachteten wir, wie unser erster Distelfalter seine Fl\u00fcgel mit seinem Blut aufpumpte. Nach ein paar Stunden Erholung erkundete er langsam das Habitat und entdeckte schlie\u00dflich auch die Fruchtzucker-Wasser-L\u00f6sung.<\/span><\/span><\/span><\/p>\n<p align=\"center\"><img decoding=\"async\" class=\"aligncenter size-medium wp-image-2186\" src=\"https:\/\/amtsfeld-grundschule.de\/wp-content\/uploads\/2021\/10\/DSCN0545-2-245x300.jpg\" alt=\"\" width=\"245\" height=\"300\" srcset=\"https:\/\/amtsfeld-grundschule.de\/wp-content\/uploads\/2021\/10\/DSCN0545-2-200x245.jpg 200w, https:\/\/amtsfeld-grundschule.de\/wp-content\/uploads\/2021\/10\/DSCN0545-2-245x300.jpg 245w, https:\/\/amtsfeld-grundschule.de\/wp-content\/uploads\/2021\/10\/DSCN0545-2-400x490.jpg 400w, https:\/\/amtsfeld-grundschule.de\/wp-content\/uploads\/2021\/10\/DSCN0545-2-600x736.jpg 600w, https:\/\/amtsfeld-grundschule.de\/wp-content\/uploads\/2021\/10\/DSCN0545-2-768x942.jpg 768w, https:\/\/amtsfeld-grundschule.de\/wp-content\/uploads\/2021\/10\/DSCN0545-2-800x981.jpg 800w, https:\/\/amtsfeld-grundschule.de\/wp-content\/uploads\/2021\/10\/DSCN0545-2-835x1024.jpg 835w, https:\/\/amtsfeld-grundschule.de\/wp-content\/uploads\/2021\/10\/DSCN0545-2.jpg 1133w\" sizes=\"(max-width: 245px) 100vw, 245px\" \/><\/p>\n<p align=\"center\"><span style=\"color: #474747;\"><span style=\"font-family: Century Gothic, serif;\"><span style=\"font-size: medium;\">Mit seinen F\u00fchlern roch er vorsichtig daran und rollte dann seinen Saugr\u00fcssel aus, um die Fl\u00fcssigkeit zu trinken.<\/span><\/span><\/span><\/p>\n<p align=\"center\"><span style=\"color: #474747;\"><span style=\"font-family: Century Gothic, serif;\"><span style=\"font-size: medium;\">Als unsere Distelfalter da waren, wurden flei\u00dfig \u00c4ste, Steine oder Bl\u00e4tter gesammelt, um einen m\u00f6glichst naturgetreuen Lebensraum zu schaffen. Einige Kinder erkl\u00e4rten sich bereit, Orangen und Bananen mitzubringen.<\/span><\/span><\/span><\/p>\n<p align=\"center\"><img decoding=\"async\" class=\"aligncenter size-medium wp-image-2184\" src=\"https:\/\/amtsfeld-grundschule.de\/wp-content\/uploads\/2021\/10\/DSCN0558-2-300x270.jpg\" alt=\"\" width=\"300\" height=\"270\" srcset=\"https:\/\/amtsfeld-grundschule.de\/wp-content\/uploads\/2021\/10\/DSCN0558-2-200x180.jpg 200w, https:\/\/amtsfeld-grundschule.de\/wp-content\/uploads\/2021\/10\/DSCN0558-2-300x270.jpg 300w, https:\/\/amtsfeld-grundschule.de\/wp-content\/uploads\/2021\/10\/DSCN0558-2-400x360.jpg 400w, https:\/\/amtsfeld-grundschule.de\/wp-content\/uploads\/2021\/10\/DSCN0558-2-600x540.jpg 600w, https:\/\/amtsfeld-grundschule.de\/wp-content\/uploads\/2021\/10\/DSCN0558-2-768x692.jpg 768w, https:\/\/amtsfeld-grundschule.de\/wp-content\/uploads\/2021\/10\/DSCN0558-2-800x721.jpg 800w, https:\/\/amtsfeld-grundschule.de\/wp-content\/uploads\/2021\/10\/DSCN0558-2.jpg 988w\" sizes=\"(max-width: 300px) 100vw, 300px\" \/><\/p>\n<p align=\"center\"><span style=\"color: #474747;\"><span style=\"font-family: Century Gothic, serif;\"><span style=\"font-size: medium;\">Nach 1-2 Tagen der intensiven Beobachtung schenkte die 2b ihren sechs Distelfaltern bereits die Freiheit,<\/span><\/span><\/span><\/p>\n<p align=\"center\"><span style=\"color: #474747;\"><span style=\"font-family: Century Gothic, serif;\"><span style=\"font-size: medium;\">Gemeinsam gingen wir in den Schulgarten, um den Faltern dort Lebewohl zu sagen.<\/span><\/span><\/span><\/p>\n<p align=\"center\"><img decoding=\"async\" class=\"aligncenter size-medium wp-image-2183\" src=\"https:\/\/amtsfeld-grundschule.de\/wp-content\/uploads\/2021\/10\/DSCN0562-2-300x207.jpg\" alt=\"\" width=\"300\" height=\"207\" srcset=\"https:\/\/amtsfeld-grundschule.de\/wp-content\/uploads\/2021\/10\/DSCN0562-2-200x138.jpg 200w, https:\/\/amtsfeld-grundschule.de\/wp-content\/uploads\/2021\/10\/DSCN0562-2-300x207.jpg 300w, https:\/\/amtsfeld-grundschule.de\/wp-content\/uploads\/2021\/10\/DSCN0562-2-400x276.jpg 400w, https:\/\/amtsfeld-grundschule.de\/wp-content\/uploads\/2021\/10\/DSCN0562-2-600x414.jpg 600w, https:\/\/amtsfeld-grundschule.de\/wp-content\/uploads\/2021\/10\/DSCN0562-2-768x530.jpg 768w, https:\/\/amtsfeld-grundschule.de\/wp-content\/uploads\/2021\/10\/DSCN0562-2-800x552.jpg 800w, https:\/\/amtsfeld-grundschule.de\/wp-content\/uploads\/2021\/10\/DSCN0562-2-1024x706.jpg 1024w, https:\/\/amtsfeld-grundschule.de\/wp-content\/uploads\/2021\/10\/DSCN0562-2-1200x828.jpg 1200w, https:\/\/amtsfeld-grundschule.de\/wp-content\/uploads\/2021\/10\/DSCN0562-2-1536x1059.jpg 1536w, https:\/\/amtsfeld-grundschule.de\/wp-content\/uploads\/2021\/10\/DSCN0562-2.jpg 1550w\" sizes=\"(max-width: 300px) 100vw, 300px\" \/><\/p>\n","protected":false},"excerpt":{"rendered":"<p>Von der Raupe zum Schmetterling &nbsp; Nach nur einer Woche waren die Raupen viel dicker und mehr als doppelt so gro\u00df geworden! Mit gesponnenen Seidenf\u00e4den sch\u00fctzen sie sich vor Feinden. Als die Raupen zur Verpuppung bereit waren,\u00a0 kletterten sie den Becherrand hinauf bis an den Deckel. Dort h\u00e4ngten sie sich mit dem Kopf nach unten<\/p>\n","protected":false},"author":5,"featured_media":0,"parent":0,"menu_order":0,"comment_status":"closed","ping_status":"closed","template":"","meta":{"footnotes":""},"class_list":["post-2181","page","type-page","status-publish","hentry"],"_links":{"self":[{"href":"https:\/\/amtsfeld-grundschule.de\/index.php?rest_route=\/wp\/v2\/pages\/2181","targetHints":{"allow":["GET"]}}],"collection":[{"href":"https:\/\/amtsfeld-grundschule.de\/index.php?rest_route=\/wp\/v2\/pages"}],"about":[{"href":"https:\/\/amtsfeld-grundschule.de\/index.php?rest_route=\/wp\/v2\/types\/page"}],"author":[{"embeddable":true,"href":"https:\/\/amtsfeld-grundschule.de\/index.php?rest_route=\/wp\/v2\/users\/5"}],"replies":[{"embeddable":true,"href":"https:\/\/amtsfeld-grundschule.de\/index.php?rest_route=%2Fwp%2Fv2%2Fcomments&post=2181"}],"version-history":[{"count":3,"href":"https:\/\/amtsfeld-grundschule.de\/index.php?rest_route=\/wp\/v2\/pages\/2181\/revisions"}],"predecessor-version":[{"id":2190,"href":"https:\/\/amtsfeld-grundschule.de\/index.php?rest_route=\/wp\/v2\/pages\/2181\/revisions\/2190"}],"wp:attachment":[{"href":"https:\/\/amtsfeld-grundschule.de\/index.php?rest_route=%2Fwp%2Fv2%2Fmedia&parent=2181"}],"curies":[{"name":"wp","href":"https:\/\/api.w.org\/{rel}","templated":true}]}}