{"id":3316,"date":"2022-07-11T09:55:54","date_gmt":"2022-07-11T07:55:54","guid":{"rendered":"https:\/\/amtsfeld-schule.de\/?page_id=3316"},"modified":"2023-01-23T10:45:37","modified_gmt":"2023-01-23T09:45:37","slug":"medienbildung","status":"publish","type":"page","link":"https:\/\/amtsfeld-grundschule.de\/?page_id=3316","title":{"rendered":"Medienbildung"},"content":{"rendered":"<div class=\"fusion-fullwidth fullwidth-box fusion-builder-row-1 fusion-flex-container nonhundred-percent-fullwidth non-hundred-percent-height-scrolling\" style=\"--awb-border-radius-top-left:0px;--awb-border-radius-top-right:0px;--awb-border-radius-bottom-right:0px;--awb-border-radius-bottom-left:0px;--awb-flex-wrap:wrap;\" ><div class=\"fusion-builder-row fusion-row fusion-flex-align-items-flex-start fusion-flex-content-wrap\" style=\"max-width:1404px;margin-left: calc(-4% \/ 2 );margin-right: calc(-4% \/ 2 );\"><div class=\"fusion-layout-column fusion_builder_column fusion-builder-column-0 fusion_builder_column_1_1 1_1 fusion-flex-column\" style=\"--awb-padding-top:12px;--awb-padding-right:12px;--awb-padding-bottom:12px;--awb-padding-left:12px;--awb-bg-size:cover;--awb-border-color:rgba(146,37,16,0.75);--awb-border-top:12px;--awb-border-right:12px;--awb-border-bottom:12px;--awb-border-left:12px;--awb-border-style:solid;--awb-width-large:100%;--awb-margin-top-large:0px;--awb-spacing-right-large:1.92%;--awb-margin-bottom-large:0px;--awb-spacing-left-large:1.92%;--awb-width-medium:100%;--awb-spacing-right-medium:1.92%;--awb-spacing-left-medium:1.92%;--awb-width-small:100%;--awb-spacing-right-small:1.92%;--awb-spacing-left-small:1.92%;\"><div class=\"fusion-column-wrapper fusion-flex-justify-content-flex-start fusion-content-layout-column\"><div class=\"fusion-text fusion-text-1\"><p>Dokumente f\u00fcr unsere Lernplattform Itslearning<\/p>\n<\/div><div class=\"fusion-image-element \" style=\"--awb-caption-title-font-family:var(--h2_typography-font-family);--awb-caption-title-font-weight:var(--h2_typography-font-weight);--awb-caption-title-font-style:var(--h2_typography-font-style);--awb-caption-title-size:var(--h2_typography-font-size);--awb-caption-title-transform:var(--h2_typography-text-transform);--awb-caption-title-line-height:var(--h2_typography-line-height);--awb-caption-title-letter-spacing:var(--h2_typography-letter-spacing);\"><span class=\" fusion-imageframe imageframe-none imageframe-1 hover-type-none\"><img decoding=\"async\" width=\"300\" height=\"107\" title=\"itslearning_orig\" src=\"https:\/\/amtsfeld-grundschule.de\/wp-content\/uploads\/2023\/01\/itslearning_orig-300x107.png\" alt class=\"img-responsive wp-image-3899\" srcset=\"https:\/\/amtsfeld-grundschule.de\/wp-content\/uploads\/2023\/01\/itslearning_orig-200x71.png 200w, https:\/\/amtsfeld-grundschule.de\/wp-content\/uploads\/2023\/01\/itslearning_orig-400x143.png 400w, https:\/\/amtsfeld-grundschule.de\/wp-content\/uploads\/2023\/01\/itslearning_orig.png 418w\" sizes=\"(max-width: 1024px) 100vw, (max-width: 640px) 100vw, 300px\" \/><\/span><\/div>\n<div class=\"table-1\">\n<table width=\"100%\">\n<thead>\n<tr>\n<th align=\"left\"><a href=\"https:\/\/amtsfeld-grundschule.de\/wp-content\/uploads\/2023\/01\/Info-Verarbeitung-personenbezogener-Daten.pdf\" target=\"_blank\" rel=\"noopener\">Information zur Verarbeitung personenbezogener Daten<\/a><br \/><a href=\"https:\/\/amtsfeld-grundschule.de\/wp-content\/uploads\/2023\/01\/Verpflichtung-zur-Vertraulichkeit-und-Datenschutz.pdf\" target=\"_blank\" rel=\"noopener\">Verpflichtung zur Vertraulichkeit und Datenschutz<\/a><br \/><a href=\"https:\/\/amtsfeld-grundschule.de\/wp-content\/uploads\/2023\/01\/Einwilligungserklaerung-Schueler-Eltern.pdf\" target=\"_blank\" rel=\"noopener\">Einwilligungserkl\u00e4rung f\u00fcr Sch\u00fcler:innen durch Eltern<\/a><\/th>\n<\/tr>\n<\/thead>\n<\/table>\n<\/div>\n<\/div><\/div><\/div><\/div>\n","protected":false},"excerpt":{"rendered":"","protected":false},"author":5,"featured_media":0,"parent":0,"menu_order":0,"comment_status":"closed","ping_status":"closed","template":"","meta":{"footnotes":""},"class_list":["post-3316","page","type-page","status-publish","hentry"],"_links":{"self":[{"href":"https:\/\/amtsfeld-grundschule.de\/index.php?rest_route=\/wp\/v2\/pages\/3316","targetHints":{"allow":["GET"]}}],"collection":[{"href":"https:\/\/amtsfeld-grundschule.de\/index.php?rest_route=\/wp\/v2\/pages"}],"about":[{"href":"https:\/\/amtsfeld-grundschule.de\/index.php?rest_route=\/wp\/v2\/types\/page"}],"author":[{"embeddable":true,"href":"https:\/\/amtsfeld-grundschule.de\/index.php?rest_route=\/wp\/v2\/users\/5"}],"replies":[{"embeddable":true,"href":"https:\/\/amtsfeld-grundschule.de\/index.php?rest_route=%2Fwp%2Fv2%2Fcomments&post=3316"}],"version-history":[{"count":5,"href":"https:\/\/amtsfeld-grundschule.de\/index.php?rest_route=\/wp\/v2\/pages\/3316\/revisions"}],"predecessor-version":[{"id":3900,"href":"https:\/\/amtsfeld-grundschule.de\/index.php?rest_route=\/wp\/v2\/pages\/3316\/revisions\/3900"}],"wp:attachment":[{"href":"https:\/\/amtsfeld-grundschule.de\/index.php?rest_route=%2Fwp%2Fv2%2Fmedia&parent=3316"}],"curies":[{"name":"wp","href":"https:\/\/api.w.org\/{rel}","templated":true}]}}