{"id":3588,"date":"2022-09-26T11:35:21","date_gmt":"2022-09-26T09:35:21","guid":{"rendered":"https:\/\/amtsfeld-schule.de\/?page_id=3588"},"modified":"2022-09-26T11:49:12","modified_gmt":"2022-09-26T09:49:12","slug":"fv-bildungsspender-2","status":"publish","type":"page","link":"https:\/\/amtsfeld-grundschule.de\/?page_id=3588","title":{"rendered":"F\u00f6V Bildungsspender"},"content":{"rendered":"<p><div class=\"fusion-fullwidth fullwidth-box fusion-builder-row-1 fusion-flex-container fusion-parallax-none nonhundred-percent-fullwidth non-hundred-percent-height-scrolling fusion-no-small-visibility\" style=\"--awb-border-radius-top-left:0px;--awb-border-radius-top-right:0px;--awb-border-radius-bottom-right:0px;--awb-border-radius-bottom-left:0px;--awb-padding-top:33px;--awb-background-image:url(&quot;https:\/\/amtsfeld-grundschule.de\/wp-content\/uploads\/2021\/01\/cropped-amtsfeld_grundschule_02-1.jpg&quot;);--awb-background-size:cover;--awb-flex-wrap:wrap;\" ><div class=\"fusion-builder-row fusion-row fusion-flex-align-items-flex-start fusion-flex-content-wrap\" style=\"max-width:1404px;margin-left: calc(-4% \/ 2 );margin-right: calc(-4% \/ 2 );\"><div class=\"fusion-layout-column fusion_builder_column fusion-builder-column-0 fusion_builder_column_1_1 1_1 fusion-flex-column\" style=\"--awb-bg-size:cover;--awb-width-large:100%;--awb-margin-top-large:0px;--awb-spacing-right-large:1.92%;--awb-margin-bottom-large:50px;--awb-spacing-left-large:1.92%;--awb-width-medium:100%;--awb-order-medium:0;--awb-spacing-right-medium:1.92%;--awb-spacing-left-medium:1.92%;--awb-width-small:100%;--awb-order-small:0;--awb-spacing-right-small:1.92%;--awb-spacing-left-small:1.92%;\"><div class=\"fusion-column-wrapper fusion-column-has-shadow fusion-flex-justify-content-flex-start fusion-content-layout-column\"><div class=\"fusion-image-element \" style=\"--awb-margin-left:33px;--awb-caption-title-font-family:var(--h2_typography-font-family);--awb-caption-title-font-weight:var(--h2_typography-font-weight);--awb-caption-title-font-style:var(--h2_typography-font-style);--awb-caption-title-size:var(--h2_typography-font-size);--awb-caption-title-transform:var(--h2_typography-text-transform);--awb-caption-title-line-height:var(--h2_typography-line-height);--awb-caption-title-letter-spacing:var(--h2_typography-letter-spacing);\"><span class=\" fusion-imageframe imageframe-none imageframe-1 hover-type-none\"><img decoding=\"async\" width=\"300\" height=\"194\" title=\"Blank Chalk Board\" src=\"https:\/\/amtsfeld-grundschule.de\/wp-content\/uploads\/2021\/02\/Tafel_Titel_FoeV-300x194.jpg\" alt class=\"img-responsive wp-image-745\" srcset=\"https:\/\/amtsfeld-grundschule.de\/wp-content\/uploads\/2021\/02\/Tafel_Titel_FoeV-200x129.jpg 200w, https:\/\/amtsfeld-grundschule.de\/wp-content\/uploads\/2021\/02\/Tafel_Titel_FoeV-400x258.jpg 400w, https:\/\/amtsfeld-grundschule.de\/wp-content\/uploads\/2021\/02\/Tafel_Titel_FoeV-600x387.jpg 600w, https:\/\/amtsfeld-grundschule.de\/wp-content\/uploads\/2021\/02\/Tafel_Titel_FoeV-800x516.jpg 800w, https:\/\/amtsfeld-grundschule.de\/wp-content\/uploads\/2021\/02\/Tafel_Titel_FoeV-1200x774.jpg 1200w\" sizes=\"(max-width: 1024px) 100vw, (max-width: 640px) 100vw, 1200px\" \/><\/span><\/div><\/div><\/div><\/div><\/div><div class=\"fusion-fullwidth fullwidth-box fusion-builder-row-2 fusion-flex-container nonhundred-percent-fullwidth non-hundred-percent-height-scrolling\" style=\"--awb-border-radius-top-left:0px;--awb-border-radius-top-right:0px;--awb-border-radius-bottom-right:0px;--awb-border-radius-bottom-left:0px;--awb-flex-wrap:wrap;\" ><div class=\"fusion-builder-row fusion-row fusion-flex-align-items-flex-start fusion-flex-content-wrap\" style=\"max-width:1404px;margin-left: calc(-4% \/ 2 );margin-right: calc(-4% \/ 2 );\"><div class=\"fusion-layout-column fusion_builder_column fusion-builder-column-1 fusion_builder_column_1_1 1_1 fusion-flex-column\" style=\"--awb-padding-top:12px;--awb-padding-right:12px;--awb-padding-bottom:12px;--awb-padding-left:12px;--awb-overflow:hidden;--awb-bg-color:rgba(233,233,233,0.96);--awb-bg-color-hover:rgba(233,233,233,0.96);--awb-bg-size:cover;--awb-border-color:rgba(146,37,16,0.75);--awb-border-top:12px;--awb-border-right:12px;--awb-border-bottom:12px;--awb-border-left:12px;--awb-border-style:solid;--awb-border-radius:12px 12px 12px 12px;--awb-width-large:100%;--awb-margin-top-large:33px;--awb-spacing-right-large:1.92%;--awb-margin-bottom-large:50px;--awb-spacing-left-large:1.92%;--awb-width-medium:100%;--awb-order-medium:0;--awb-spacing-right-medium:1.92%;--awb-spacing-left-medium:1.92%;--awb-width-small:100%;--awb-order-small:0;--awb-spacing-right-small:1.92%;--awb-spacing-left-small:1.92%;\"><div class=\"fusion-column-wrapper fusion-column-has-shadow fusion-flex-justify-content-flex-start fusion-content-layout-column\"><div class=\"fusion-text fusion-text-1\"><h2><img decoding=\"async\" class=\" wp-image-1424 alignright\" src=\"https:\/\/amtsfeld-grundschule.de\/wp-content\/uploads\/2021\/01\/logo_Test_5-295x300.png\" alt=\"\" width=\"244\" height=\"249\" srcset=\"https:\/\/amtsfeld-grundschule.de\/wp-content\/uploads\/2021\/01\/logo_Test_5-66x66.png 66w, https:\/\/amtsfeld-grundschule.de\/wp-content\/uploads\/2021\/01\/logo_Test_5-200x203.png 200w, https:\/\/amtsfeld-grundschule.de\/wp-content\/uploads\/2021\/01\/logo_Test_5-295x300.png 295w, https:\/\/amtsfeld-grundschule.de\/wp-content\/uploads\/2021\/01\/logo_Test_5-400x406.png 400w, https:\/\/amtsfeld-grundschule.de\/wp-content\/uploads\/2021\/01\/logo_Test_5-600x609.png 600w, https:\/\/amtsfeld-grundschule.de\/wp-content\/uploads\/2021\/01\/logo_Test_5-768x780.png 768w, https:\/\/amtsfeld-grundschule.de\/wp-content\/uploads\/2021\/01\/logo_Test_5-800x812.png 800w, https:\/\/amtsfeld-grundschule.de\/wp-content\/uploads\/2021\/01\/logo_Test_5-1009x1024.png 1009w, https:\/\/amtsfeld-grundschule.de\/wp-content\/uploads\/2021\/01\/logo_Test_5-1200x1218.png 1200w, https:\/\/amtsfeld-grundschule.de\/wp-content\/uploads\/2021\/01\/logo_Test_5.png 1500w\" sizes=\"(max-width: 244px) 100vw, 244px\" \/><\/h2>\n<h2><strong>Kostenlos helfen mit dem Bildungsspender!<\/strong><\/h2>\n<p>Kaufe bei deinen gewohnten Shops ein und unterst\u00fctze jetzt kostenlos die Amtsfeld-Schule bei fast jedem Einkauf, jeder Reisebuchung, bei Vertragsabschl\u00fcssen und sogar durch die Teilnahme an Umfragen.<\/p>\n<p>So geht es:<br \/>\nOhne Registrierung einfach \u00fcber unseren Spenden-Shop bei \u00fcber 6.000 Partner-Shops einkaufen. Der Einkauf wird keinen Cent teurer und wir erhalten automatisch eine Spende. Einfach hier starten:<\/p>\n<p><a href=\"https:\/\/www.bildungsspender.de\/amtsfeld-schule\"><strong>bildungsspender.de\/amtsfeld-schule<\/strong><\/a><\/p>\n<p>Bildungsspender.de geh\u00f6rt zu den erfolgreichsten Charity-Kauf-Plattformen in Deutschland. Das Prinzip: Ohne Mehrkosten beim Shoppen, Vertragsabschl\u00fcssen und Reisebuchungen helfen. Der Nutzer kauft wie gewohnt ein und w\u00e4hlt eine Einrichtung oder Projektgruppe aus, die finanziell mit Hilfe des Geldes der Partner unterst\u00fctzt wird.<\/p>\n<p>Dar\u00fcber hinaus kann man mit dem Einsatz einer geb\u00fchrenfreien Kreditkarte und der Teilnahme an Umfragen kleine Betr\u00e4ge f\u00fcr die Wunscheinrichtung sammeln. Au\u00dferdem stehen allen Einrichtungen ein kostenfreies Online-Spendenformular und ein Charity-SMS-Dienst zur Verf\u00fcgung. Die Bildungsspender | WeCanHelp gGmbH selbst ist gemeinn\u00fctzig und arbeitet nicht gewinnorientiert. Die Finanzierung erfolgt \u00fcber einen 10-prozentigen Anteil aus den Erl\u00f6sen der Charity-K\u00e4ufe &#8211; eine faire und transparente Regelung.<\/p>\n<p>Weitere Informationen:<br \/>\n<a href=\"https:\/\/amtsfeld-grundschule.de\/wp-content\/uploads\/2022\/09\/Spendenstand-2022_09.pdf\" target=\"_blank\" rel=\"noopener noreferrer\">Spendenstand 2022_09<\/a><br \/>\n<a href=\"https:\/\/amtsfeld-grundschule.de\/wp-content\/uploads\/2022\/09\/Flyer_ohne_Shoplogos.pdf\" target=\"_blank\" rel=\"noopener noreferrer\">Flyer_ohne_Shoplogos<\/a><br \/>\n<a href=\"https:\/\/amtsfeld-grundschule.de\/wp-content\/uploads\/2022\/09\/Flyer_WeCanHelp_mastercard.pdf\" target=\"_blank\" rel=\"noopener noreferrer\">Flyer_WeCanHelp_mastercard<\/a><\/p>\n<\/div><\/div><\/div><\/div><\/div><\/p>\n","protected":false},"excerpt":{"rendered":"","protected":false},"author":5,"featured_media":0,"parent":0,"menu_order":0,"comment_status":"closed","ping_status":"closed","template":"","meta":{"footnotes":""},"class_list":["post-3588","page","type-page","status-publish","hentry"],"_links":{"self":[{"href":"https:\/\/amtsfeld-grundschule.de\/index.php?rest_route=\/wp\/v2\/pages\/3588","targetHints":{"allow":["GET"]}}],"collection":[{"href":"https:\/\/amtsfeld-grundschule.de\/index.php?rest_route=\/wp\/v2\/pages"}],"about":[{"href":"https:\/\/amtsfeld-grundschule.de\/index.php?rest_route=\/wp\/v2\/types\/page"}],"author":[{"embeddable":true,"href":"https:\/\/amtsfeld-grundschule.de\/index.php?rest_route=\/wp\/v2\/users\/5"}],"replies":[{"embeddable":true,"href":"https:\/\/amtsfeld-grundschule.de\/index.php?rest_route=%2Fwp%2Fv2%2Fcomments&post=3588"}],"version-history":[{"count":5,"href":"https:\/\/amtsfeld-grundschule.de\/index.php?rest_route=\/wp\/v2\/pages\/3588\/revisions"}],"predecessor-version":[{"id":3597,"href":"https:\/\/amtsfeld-grundschule.de\/index.php?rest_route=\/wp\/v2\/pages\/3588\/revisions\/3597"}],"wp:attachment":[{"href":"https:\/\/amtsfeld-grundschule.de\/index.php?rest_route=%2Fwp%2Fv2%2Fmedia&parent=3588"}],"curies":[{"name":"wp","href":"https:\/\/api.w.org\/{rel}","templated":true}]}}