{"id":4233,"date":"2023-06-04T17:25:51","date_gmt":"2023-06-04T15:25:51","guid":{"rendered":"https:\/\/amtsfeld-schule.de\/?page_id=4233"},"modified":"2023-06-04T17:49:29","modified_gmt":"2023-06-04T15:49:29","slug":"projekt-stromkaesten-2023","status":"publish","type":"page","link":"https:\/\/amtsfeld-grundschule.de\/?page_id=4233","title":{"rendered":"Projekt Stromk\u00e4sten 2023"},"content":{"rendered":"<p><div class=\"fusion-fullwidth fullwidth-box fusion-builder-row-1 fusion-flex-container nonhundred-percent-fullwidth non-hundred-percent-height-scrolling\" style=\"--awb-border-radius-top-left:0px;--awb-border-radius-top-right:0px;--awb-border-radius-bottom-right:0px;--awb-border-radius-bottom-left:0px;--awb-flex-wrap:wrap;\" ><div class=\"fusion-builder-row fusion-row fusion-flex-align-items-flex-start fusion-flex-content-wrap\" style=\"max-width:1404px;margin-left: calc(-4% \/ 2 );margin-right: calc(-4% \/ 2 );\"><div class=\"fusion-layout-column fusion_builder_column fusion-builder-column-0 fusion_builder_column_1_1 1_1 fusion-flex-column\" style=\"--awb-bg-size:cover;--awb-width-large:100%;--awb-margin-top-large:0px;--awb-spacing-right-large:1.92%;--awb-margin-bottom-large:0px;--awb-spacing-left-large:1.92%;--awb-width-medium:100%;--awb-spacing-right-medium:1.92%;--awb-spacing-left-medium:1.92%;--awb-width-small:100%;--awb-spacing-right-small:1.92%;--awb-spacing-left-small:1.92%;\"><div class=\"fusion-column-wrapper fusion-flex-justify-content-flex-start fusion-content-layout-column\"><div class=\"fusion-text fusion-text-1\"><h3>Ende M\u00e4rz 2023 nahm die Klasse 6c an einem ganz besonderen Projekt teil. In Zusammenarbeit mit Stromnetz Berlin durften die Sch\u00fclerinnen und Sch\u00fcler 15 Stromk\u00e4sten in der Siedlung K\u00e4mmereiheide gegen\u00fcber vom Krankenhaus K\u00f6penick gestalten. Dazu entwarfen sie in Zweierteams ihre Motive selbst, \u00fcbertrugen diese auf gro\u00dfe Schablonen und konnten sie dann unter Anleitung auf die Stromk\u00e4sten sprayen. Mit ganz viel Stolz konnten wir im Anschluss unsere Ergebnisse bestaunen und freuen uns, dass eine Erinnerung von uns bleibt.<\/h3>\n<\/div><div class=\"fusion-image-carousel fusion-image-carousel-auto fusion-image-carousel-1 fusion-carousel-border\"><div class=\"awb-carousel awb-swiper awb-swiper-carousel awb-carousel--carousel awb-swiper-dots-position-bottom\" data-layout=\"carousel\" data-autoplay=\"no\" data-autoplayspeed=\"2500\" data-autoplaypause=\"no\" data-columns=\"1\" data-columnsmedium=\"1\" data-columnssmall=\"1\" data-itemmargin=\"13\" data-itemwidth=\"180\" data-touchscroll=\"drag\" data-freemode=\"no\" data-imagesize=\"auto\" data-scrollitems=\"0\" data-centeredslides=\"no\" data-rotationangle=\"50\" data-depth=\"100\" data-speed=\"500\" data-shadow=\"no\" data-pagination=\"bullets\" style=\"--awb-columns:1;--awb-border-width:1px;--awb-border-color:#e9eaee;\"><div class=\"swiper-wrapper awb-image-carousel-wrapper fusion-flex-align-items-center\"><div class=\"swiper-slide\"><div class=\"fusion-carousel-item-wrapper\"><div class=\"fusion-image-wrapper hover-type-zoomin\"><img decoding=\"async\" width=\"234\" height=\"486\" src=\"https:\/\/amtsfeld-grundschule.de\/wp-content\/uploads\/2023\/06\/Action-1.png\" class=\"attachment-full size-full\" alt=\"\" srcset=\"https:\/\/amtsfeld-grundschule.de\/wp-content\/uploads\/2023\/06\/Action-1-144x300.png 144w, https:\/\/amtsfeld-grundschule.de\/wp-content\/uploads\/2023\/06\/Action-1-200x415.png 200w, https:\/\/amtsfeld-grundschule.de\/wp-content\/uploads\/2023\/06\/Action-1.png 234w\" sizes=\"(max-width: 234px) 100vw, 234px\" \/><\/div><\/div><\/div><div class=\"swiper-slide\"><div class=\"fusion-carousel-item-wrapper\"><div class=\"fusion-image-wrapper hover-type-zoomin\"><img decoding=\"async\" width=\"235\" height=\"237\" src=\"https:\/\/amtsfeld-grundschule.de\/wp-content\/uploads\/2023\/06\/Action-2.png\" class=\"attachment-full size-full\" alt=\"\" srcset=\"https:\/\/amtsfeld-grundschule.de\/wp-content\/uploads\/2023\/06\/Action-2-66x66.png 66w, https:\/\/amtsfeld-grundschule.de\/wp-content\/uploads\/2023\/06\/Action-2-150x150.png 150w, https:\/\/amtsfeld-grundschule.de\/wp-content\/uploads\/2023\/06\/Action-2-200x202.png 200w, https:\/\/amtsfeld-grundschule.de\/wp-content\/uploads\/2023\/06\/Action-2.png 235w\" sizes=\"(max-width: 235px) 100vw, 235px\" \/><\/div><\/div><\/div><div class=\"swiper-slide\"><div class=\"fusion-carousel-item-wrapper\"><div class=\"fusion-image-wrapper hover-type-zoomin\"><img decoding=\"async\" width=\"236\" height=\"239\" src=\"https:\/\/amtsfeld-grundschule.de\/wp-content\/uploads\/2023\/06\/Action-3.png\" class=\"attachment-full size-full\" alt=\"\" srcset=\"https:\/\/amtsfeld-grundschule.de\/wp-content\/uploads\/2023\/06\/Action-3-66x66.png 66w, https:\/\/amtsfeld-grundschule.de\/wp-content\/uploads\/2023\/06\/Action-3-200x203.png 200w, https:\/\/amtsfeld-grundschule.de\/wp-content\/uploads\/2023\/06\/Action-3.png 236w\" sizes=\"(max-width: 236px) 100vw, 236px\" \/><\/div><\/div><\/div><div class=\"swiper-slide\"><div class=\"fusion-carousel-item-wrapper\"><div class=\"fusion-image-wrapper hover-type-zoomin\"><img decoding=\"async\" width=\"239\" height=\"463\" src=\"https:\/\/amtsfeld-grundschule.de\/wp-content\/uploads\/2023\/06\/Action-4.png\" class=\"attachment-full size-full\" alt=\"\" srcset=\"https:\/\/amtsfeld-grundschule.de\/wp-content\/uploads\/2023\/06\/Action-4-155x300.png 155w, https:\/\/amtsfeld-grundschule.de\/wp-content\/uploads\/2023\/06\/Action-4-200x387.png 200w, https:\/\/amtsfeld-grundschule.de\/wp-content\/uploads\/2023\/06\/Action-4.png 239w\" sizes=\"(max-width: 239px) 100vw, 239px\" \/><\/div><\/div><\/div><div class=\"swiper-slide\"><div class=\"fusion-carousel-item-wrapper\"><div class=\"fusion-image-wrapper hover-type-zoomin\"><img decoding=\"async\" width=\"237\" height=\"485\" src=\"https:\/\/amtsfeld-grundschule.de\/wp-content\/uploads\/2023\/06\/Action-5.png\" class=\"attachment-full size-full\" alt=\"\" srcset=\"https:\/\/amtsfeld-grundschule.de\/wp-content\/uploads\/2023\/06\/Action-5-147x300.png 147w, https:\/\/amtsfeld-grundschule.de\/wp-content\/uploads\/2023\/06\/Action-5-200x409.png 200w, https:\/\/amtsfeld-grundschule.de\/wp-content\/uploads\/2023\/06\/Action-5.png 237w\" sizes=\"(max-width: 237px) 100vw, 237px\" \/><\/div><\/div><\/div><div class=\"swiper-slide\"><div class=\"fusion-carousel-item-wrapper\"><div class=\"fusion-image-wrapper hover-type-zoomin\"><img decoding=\"async\" width=\"232\" height=\"239\" src=\"https:\/\/amtsfeld-grundschule.de\/wp-content\/uploads\/2023\/06\/Action-6.png\" class=\"attachment-full size-full\" alt=\"\" srcset=\"https:\/\/amtsfeld-grundschule.de\/wp-content\/uploads\/2023\/06\/Action-6-200x206.png 200w, https:\/\/amtsfeld-grundschule.de\/wp-content\/uploads\/2023\/06\/Action-6.png 232w\" sizes=\"(max-width: 232px) 100vw, 232px\" \/><\/div><\/div><\/div><div class=\"swiper-slide\"><div class=\"fusion-carousel-item-wrapper\"><div class=\"fusion-image-wrapper hover-type-zoomin\"><img decoding=\"async\" width=\"729\" height=\"359\" src=\"https:\/\/amtsfeld-grundschule.de\/wp-content\/uploads\/2023\/06\/Kaesten-1.png\" class=\"attachment-full size-full\" alt=\"\" srcset=\"https:\/\/amtsfeld-grundschule.de\/wp-content\/uploads\/2023\/06\/Kaesten-1-200x98.png 200w, https:\/\/amtsfeld-grundschule.de\/wp-content\/uploads\/2023\/06\/Kaesten-1-300x148.png 300w, https:\/\/amtsfeld-grundschule.de\/wp-content\/uploads\/2023\/06\/Kaesten-1-400x197.png 400w, https:\/\/amtsfeld-grundschule.de\/wp-content\/uploads\/2023\/06\/Kaesten-1-600x295.png 600w, https:\/\/amtsfeld-grundschule.de\/wp-content\/uploads\/2023\/06\/Kaesten-1.png 729w\" sizes=\"(max-width: 729px) 100vw, 729px\" \/><\/div><\/div><\/div><div class=\"swiper-slide\"><div class=\"fusion-carousel-item-wrapper\"><div class=\"fusion-image-wrapper hover-type-zoomin\"><img decoding=\"async\" width=\"727\" height=\"357\" src=\"https:\/\/amtsfeld-grundschule.de\/wp-content\/uploads\/2023\/06\/Kaesten-2.png\" class=\"attachment-full size-full\" alt=\"\" srcset=\"https:\/\/amtsfeld-grundschule.de\/wp-content\/uploads\/2023\/06\/Kaesten-2-200x98.png 200w, https:\/\/amtsfeld-grundschule.de\/wp-content\/uploads\/2023\/06\/Kaesten-2-300x147.png 300w, https:\/\/amtsfeld-grundschule.de\/wp-content\/uploads\/2023\/06\/Kaesten-2-400x196.png 400w, https:\/\/amtsfeld-grundschule.de\/wp-content\/uploads\/2023\/06\/Kaesten-2-600x295.png 600w, https:\/\/amtsfeld-grundschule.de\/wp-content\/uploads\/2023\/06\/Kaesten-2.png 727w\" sizes=\"(max-width: 727px) 100vw, 727px\" \/><\/div><\/div><\/div><div class=\"swiper-slide\"><div class=\"fusion-carousel-item-wrapper\"><div class=\"fusion-image-wrapper hover-type-zoomin\"><img decoding=\"async\" width=\"729\" height=\"361\" src=\"https:\/\/amtsfeld-grundschule.de\/wp-content\/uploads\/2023\/06\/Kaesten-3.png\" class=\"attachment-full size-full\" alt=\"\" srcset=\"https:\/\/amtsfeld-grundschule.de\/wp-content\/uploads\/2023\/06\/Kaesten-3-200x99.png 200w, https:\/\/amtsfeld-grundschule.de\/wp-content\/uploads\/2023\/06\/Kaesten-3-300x149.png 300w, https:\/\/amtsfeld-grundschule.de\/wp-content\/uploads\/2023\/06\/Kaesten-3-400x198.png 400w, https:\/\/amtsfeld-grundschule.de\/wp-content\/uploads\/2023\/06\/Kaesten-3-600x297.png 600w, https:\/\/amtsfeld-grundschule.de\/wp-content\/uploads\/2023\/06\/Kaesten-3.png 729w\" sizes=\"(max-width: 729px) 100vw, 729px\" \/><\/div><\/div><\/div><div class=\"swiper-slide\"><div class=\"fusion-carousel-item-wrapper\"><div class=\"fusion-image-wrapper hover-type-zoomin\"><img decoding=\"async\" width=\"729\" height=\"361\" src=\"https:\/\/amtsfeld-grundschule.de\/wp-content\/uploads\/2023\/06\/Kaesten-4.png\" class=\"attachment-full size-full\" alt=\"\" srcset=\"https:\/\/amtsfeld-grundschule.de\/wp-content\/uploads\/2023\/06\/Kaesten-4-200x99.png 200w, https:\/\/amtsfeld-grundschule.de\/wp-content\/uploads\/2023\/06\/Kaesten-4-300x149.png 300w, https:\/\/amtsfeld-grundschule.de\/wp-content\/uploads\/2023\/06\/Kaesten-4-400x198.png 400w, https:\/\/amtsfeld-grundschule.de\/wp-content\/uploads\/2023\/06\/Kaesten-4-600x297.png 600w, https:\/\/amtsfeld-grundschule.de\/wp-content\/uploads\/2023\/06\/Kaesten-4.png 729w\" sizes=\"(max-width: 729px) 100vw, 729px\" \/><\/div><\/div><\/div><div class=\"swiper-slide\"><div class=\"fusion-carousel-item-wrapper\"><div class=\"fusion-image-wrapper hover-type-zoomin\"><img decoding=\"async\" width=\"728\" height=\"358\" src=\"https:\/\/amtsfeld-grundschule.de\/wp-content\/uploads\/2023\/06\/Kaesten-5.png\" class=\"attachment-full size-full\" alt=\"\" srcset=\"https:\/\/amtsfeld-grundschule.de\/wp-content\/uploads\/2023\/06\/Kaesten-5-200x98.png 200w, https:\/\/amtsfeld-grundschule.de\/wp-content\/uploads\/2023\/06\/Kaesten-5-300x148.png 300w, https:\/\/amtsfeld-grundschule.de\/wp-content\/uploads\/2023\/06\/Kaesten-5-400x197.png 400w, https:\/\/amtsfeld-grundschule.de\/wp-content\/uploads\/2023\/06\/Kaesten-5-600x295.png 600w, https:\/\/amtsfeld-grundschule.de\/wp-content\/uploads\/2023\/06\/Kaesten-5.png 728w\" sizes=\"(max-width: 728px) 100vw, 728px\" \/><\/div><\/div><\/div><div class=\"swiper-slide\"><div class=\"fusion-carousel-item-wrapper\"><div class=\"fusion-image-wrapper hover-type-zoomin\"><img decoding=\"async\" width=\"728\" height=\"362\" src=\"https:\/\/amtsfeld-grundschule.de\/wp-content\/uploads\/2023\/06\/Kaesten-6.png\" class=\"attachment-full size-full\" alt=\"\" srcset=\"https:\/\/amtsfeld-grundschule.de\/wp-content\/uploads\/2023\/06\/Kaesten-6-200x99.png 200w, https:\/\/amtsfeld-grundschule.de\/wp-content\/uploads\/2023\/06\/Kaesten-6-300x149.png 300w, https:\/\/amtsfeld-grundschule.de\/wp-content\/uploads\/2023\/06\/Kaesten-6-400x199.png 400w, https:\/\/amtsfeld-grundschule.de\/wp-content\/uploads\/2023\/06\/Kaesten-6-600x298.png 600w, https:\/\/amtsfeld-grundschule.de\/wp-content\/uploads\/2023\/06\/Kaesten-6.png 728w\" sizes=\"(max-width: 728px) 100vw, 728px\" \/><\/div><\/div><\/div><\/div><div class=\"awb-swiper-button awb-swiper-button-prev\"><i class=\"awb-icon-angle-left\" aria-hidden=\"true\"><\/i><\/div><div class=\"awb-swiper-button awb-swiper-button-next\"><i class=\"awb-icon-angle-right\" aria-hidden=\"true\"><\/i><\/div><\/div><\/div><\/div><\/div><\/div><\/div><div class=\"fusion-fullwidth fullwidth-box fusion-builder-row-2 fusion-flex-container nonhundred-percent-fullwidth non-hundred-percent-height-scrolling\" style=\"--awb-border-radius-top-left:0px;--awb-border-radius-top-right:0px;--awb-border-radius-bottom-right:0px;--awb-border-radius-bottom-left:0px;--awb-flex-wrap:wrap;\" ><div class=\"fusion-builder-row fusion-row fusion-flex-align-items-flex-start fusion-flex-content-wrap\" style=\"max-width:1404px;margin-left: calc(-4% \/ 2 );margin-right: calc(-4% \/ 2 );\"><div class=\"fusion-layout-column fusion_builder_column fusion-builder-column-1 fusion_builder_column_1_1 1_1 fusion-flex-column\" style=\"--awb-bg-size:cover;--awb-width-large:100%;--awb-margin-top-large:0px;--awb-spacing-right-large:1.92%;--awb-margin-bottom-large:0px;--awb-spacing-left-large:1.92%;--awb-width-medium:100%;--awb-spacing-right-medium:1.92%;--awb-spacing-left-medium:1.92%;--awb-width-small:100%;--awb-spacing-right-small:1.92%;--awb-spacing-left-small:1.92%;\"><div class=\"fusion-column-wrapper fusion-flex-justify-content-flex-start fusion-content-layout-column\"><div class=\"fusion-text fusion-text-2\"><\/div><\/div><\/div><\/div><\/div><\/p>\n","protected":false},"excerpt":{"rendered":"","protected":false},"author":5,"featured_media":0,"parent":0,"menu_order":0,"comment_status":"closed","ping_status":"closed","template":"","meta":{"footnotes":""},"class_list":["post-4233","page","type-page","status-publish","hentry"],"_links":{"self":[{"href":"https:\/\/amtsfeld-grundschule.de\/index.php?rest_route=\/wp\/v2\/pages\/4233","targetHints":{"allow":["GET"]}}],"collection":[{"href":"https:\/\/amtsfeld-grundschule.de\/index.php?rest_route=\/wp\/v2\/pages"}],"about":[{"href":"https:\/\/amtsfeld-grundschule.de\/index.php?rest_route=\/wp\/v2\/types\/page"}],"author":[{"embeddable":true,"href":"https:\/\/amtsfeld-grundschule.de\/index.php?rest_route=\/wp\/v2\/users\/5"}],"replies":[{"embeddable":true,"href":"https:\/\/amtsfeld-grundschule.de\/index.php?rest_route=%2Fwp%2Fv2%2Fcomments&post=4233"}],"version-history":[{"count":4,"href":"https:\/\/amtsfeld-grundschule.de\/index.php?rest_route=\/wp\/v2\/pages\/4233\/revisions"}],"predecessor-version":[{"id":4253,"href":"https:\/\/amtsfeld-grundschule.de\/index.php?rest_route=\/wp\/v2\/pages\/4233\/revisions\/4253"}],"wp:attachment":[{"href":"https:\/\/amtsfeld-grundschule.de\/index.php?rest_route=%2Fwp%2Fv2%2Fmedia&parent=4233"}],"curies":[{"name":"wp","href":"https:\/\/api.w.org\/{rel}","templated":true}]}}